{"id":390,"date":"2017-10-21T10:05:11","date_gmt":"2017-10-21T10:05:11","guid":{"rendered":"https:\/\/bigband-divonne.org\/contacts"},"modified":"2023-01-12T16:02:34","modified_gmt":"2023-01-12T15:02:34","slug":"contacts","status":"publish","type":"page","link":"https:\/\/bigband-divonne.org\/en\/contacts\/","title":{"rendered":"Contacts"},"content":{"rendered":"<section class=\"fw-main-row  ls section_padding_top_75 section_padding_bottom_100 columns_padding_25\" >\n\t\t<div class=\"container\">\n\t\t<div class=\"row\">\n\t\t\t\r\n    <div class=\"col-xs-12 col-md-8\" >\r\n            \t<h3 class=\"text-left section_header\">\n\t<span class=\"\">\n\t\tContact Form\t<\/span>\n\t<\/h3>\n    \n<div class=\"custom_shortcode\">\n\t\n<div class=\"wpcf7 no-js\" id=\"wpcf7-f1104-o1\" lang=\"en-US\" dir=\"ltr\" data-wpcf7-id=\"1104\">\n<div class=\"screen-reader-response\"><p role=\"status\" aria-live=\"polite\" aria-atomic=\"true\"><\/p> <ul><\/ul><\/div>\n<form action=\"\/en\/wp-json\/wp\/v2\/pages\/390#wpcf7-f1104-o1\" method=\"post\" class=\"wpcf7-form init\" aria-label=\"Contact form\" novalidate=\"novalidate\" data-status=\"init\" data-trp-original-action=\"\/en\/wp-json\/wp\/v2\/pages\/390#wpcf7-f1104-o1\">\n<fieldset class=\"hidden-fields-container\"><input type=\"hidden\" name=\"_wpcf7\" value=\"1104\" \/><input type=\"hidden\" name=\"_wpcf7_version\" value=\"6.1.5\" \/><input type=\"hidden\" name=\"_wpcf7_locale\" value=\"en_US\" \/><input type=\"hidden\" name=\"_wpcf7_unit_tag\" value=\"wpcf7-f1104-o1\" \/><input type=\"hidden\" name=\"_wpcf7_container_post\" value=\"0\" \/><input type=\"hidden\" name=\"_wpcf7_posted_data_hash\" value=\"\" \/>\n<\/fieldset>\n<div class=\"row columns_padding_15\">\n\t<div class=\"col-xs-12 col-sm-6 form-builder-item\">\n\t\t<p><span class=\"wpcf7-form-control-wrap\" data-name=\"your-name\"><input size=\"40\" maxlength=\"400\" class=\"wpcf7-form-control wpcf7-text wpcf7-validates-as-required form-control\" aria-required=\"true\" aria-invalid=\"false\" placeholder=\"Name*\" value=\"\" type=\"text\" name=\"your-name\" \/><\/span>\n\t\t<\/p>\n\t<\/div>\n\t<div class=\"col-xs-12 col-sm-6 form-builder-item\">\n\t\t<p><span class=\"wpcf7-form-control-wrap\" data-name=\"your-email\"><input size=\"40\" maxlength=\"400\" class=\"wpcf7-form-control wpcf7-email wpcf7-validates-as-required wpcf7-text wpcf7-validates-as-email form-control\" aria-required=\"true\" aria-invalid=\"false\" placeholder=\"Email Address*\" value=\"\" type=\"email\" name=\"your-email\" \/><\/span>\n\t\t<\/p>\n\t<\/div>\n\t<div class=\"col-xs-12 col-sm-6 form-builder-item\">\n\t\t<p><span class=\"wpcf7-form-control-wrap\" data-name=\"your-phone\"><input size=\"40\" maxlength=\"400\" class=\"wpcf7-form-control wpcf7-tel wpcf7-text wpcf7-validates-as-tel form-control\" aria-invalid=\"false\" placeholder=\"Phone Number\" value=\"\" type=\"tel\" name=\"your-phone\" \/><\/span>\n\t\t<\/p>\n\t<\/div>\n\t<div class=\"col-xs-12 col-sm-6 form-builder-item\">\n\t\t<p><span class=\"wpcf7-form-control-wrap\" data-name=\"your-subject\"><input size=\"40\" maxlength=\"400\" class=\"wpcf7-form-control wpcf7-text wpcf7-validates-as-required form-control\" aria-required=\"true\" aria-invalid=\"false\" placeholder=\"Subject*\" value=\"\" type=\"text\" name=\"your-subject\" \/><\/span>\n\t\t<\/p>\n\t<\/div>\n\t<div class=\"col-xs-12 form-builder-item\">\n\t\t<p><span class=\"wpcf7-form-control-wrap\" data-name=\"your-message\"><textarea cols=\"45\" rows=\"5\" maxlength=\"2000\" class=\"wpcf7-form-control wpcf7-textarea wpcf7-validates-as-required form-control\" aria-required=\"true\" aria-invalid=\"false\" placeholder=\"Your message*\" name=\"your-message\"><\/textarea><\/span>\n\t\t<\/p>\n\t<\/div>\n<\/div>\n<p><div id=\"cf7sr-69e53ad6ed629\" class=\"cf7sr-g-recaptcha\" data-theme=\"light\" data-type=\"image\" data-size=\"normal\" data-sitekey=\"6Lf4YewjAAAAAAGsdmQXJn3aJkwWAPr9Zbr0Xzdq\"><\/div><span class=\"wpcf7-form-control-wrap cf7sr-recaptcha\" data-name=\"cf7sr-recaptcha\"><input type=\"hidden\" name=\"cf7sr-recaptcha\" value=\"\" class=\"wpcf7-form-control\"><\/span><br \/>\n<span class=\"wpcf7-form-control-wrap\" data-name=\"checkbox-34\"><span class=\"wpcf7-form-control wpcf7-checkbox\"><span class=\"wpcf7-list-item first last\"><label><input type=\"checkbox\" name=\"checkbox-34[]\" value=\"Je souhaite \u00eatre inform\u00e9(e) des prochains \u00e9v\u00e9nements\" \/><span class=\"wpcf7-list-item-label\">I want to be informed about the next events<\/span><\/label><\/span><\/span><\/span>\n<\/p>\n<div class=\"topmargin_20\">\n\t<p><button type=\"submit\" class=\"theme_button min_width_button color\"><span>Send now<\/span><\/button>\n\t<\/p>\n<\/div><div class=\"wpcf7-response-output\" aria-hidden=\"true\"><\/div>\n<input type=\"hidden\" name=\"trp-form-language\" value=\"en\"\/><\/form>\n<\/div>\n<\/div>\n<p>Vos coordonn\u00e9es seront utilis\u00e9es aux seules fins de vous recontacter pour traiter votre demande. Vous b\u00e9n\u00e9ficiez d'un droit d'acc\u00e8s, de rectification, d'effacement et d'opposition au traitement de vos donn\u00e9es personnelles, que vous pouvez exercer \u00e0 tout moment en \u00e9crivant \u00e0 : bigband.divonne@gmail.com<\/p>    <\/div>\r\n\r\n\r\n\r\n    <div class=\"col-xs-12 col-sm-6 col-md-4\" >\r\n            \t<h3 class=\"text-left section_header\">\n\t<span class=\"\">\n\t\tWhere to find us\t<\/span>\n\t<\/h3>\n    <aside class=\"shortcode-widget-area\"><div class=\"widget-theme-wrapper widget_no_background\"><div id=\"hyphoria_contacts-3\" class=\"widget widget_contacts\"><h3 class=\"widget-title\"><\/h3>\r\n<ul class=\"list-unstyled greylinks\">\r\n    <li>\r\n        <div class=\"media margin_0\">\r\n\t\t                    <div class=\"media-left\">\r\n\t                                        <i class=\"fa fa-home highlight2\"><\/i>\r\n\t                                <\/div>\r\n\t\t                <div class=\"media-body greylinks color2\">\r\n\t\t\t    Maison de la Musique de Divonne-les-Bains            <\/div>\r\n        <\/div>\r\n    <\/li>\r\n    <li>\r\n        <div class=\"media margin_0\">\r\n\t\t                    <div class=\"media-left\">\r\n\t                                        <i class=\"rt-icon2 rt-icon2-location highlight2\"><\/i>\r\n\t                                <\/div>\r\n\t\t                <div class=\"media-body greylinks color2\">\r\n\t\t\t    17, All\u00e9e de la M\u00e9lie \u2013 Place du Bief \u2013 01220 Divonne-les-Bains (France)            <\/div>\r\n        <\/div>\r\n    <\/li>\r\n    <li>\r\n        <div class=\"media margin_0\">\r\n\t\t                    <div class=\"media-left\">\r\n\t                                        <i class=\"fa fa-volume-control-phone highlight2\"><\/i>\r\n\t                                <\/div>\r\n\t\t                <div class=\"media-body greylinks color2\">\r\n\t\t\t    Alain Goy +33 (0)6 10 79 12 32            <\/div>\r\n        <\/div>\r\n    <\/li>\r\n    <li>\r\n        <div class=\"media margin_0\">\r\n\t\t                    <div class=\"media-left\">\r\n\t                                        <i class=\"fa fa-envelope highlight2\"><\/i>\r\n\t                                <\/div>\r\n\t\t                <div class=\"media-body greylinks color2\">\r\n\t\t\t                    <a href=\"mailto:info@bigband-divonne.org\">\r\n\t\t\t\t    bigband.divonne@gmail.com                <\/a>\r\n\t\t                <\/div>\r\n        <\/div>\r\n    <\/li>\r\n<\/ul>\r\n<\/div><\/div><\/aside>\r\n    <\/div>\r\n\r\n\r\n\t\t<\/div>\n\t<\/div>\n<\/section>","protected":false},"excerpt":{"rendered":"<p>Formulaire de contact Je souhaite \u00eatre inform\u00e9(e) des prochains \u00e9v\u00e9nements Envoyer Vos coordonn\u00e9es seront utilis\u00e9es aux seules fins de vous recontacter pour traiter votre demande. Vous b\u00e9n\u00e9ficiez d&rsquo;un droit d&rsquo;acc\u00e8s, de rectification, d&rsquo;effacement et d&rsquo;opposition au traitement de vos donn\u00e9es personnelles, que vous pouvez exercer \u00e0 tout moment en \u00e9crivant \u00e0 : bigband.divonne@gmail.com O\u00f9 nous [&hellip;]<\/p>\n","protected":false},"author":1,"featured_media":0,"parent":0,"menu_order":22,"comment_status":"closed","ping_status":"closed","template":"page-templates\/full-width.php","meta":{"footnotes":""},"class_list":["post-390","page","type-page","status-publish","hentry"],"aioseo_notices":[],"_links":{"self":[{"href":"https:\/\/bigband-divonne.org\/en\/wp-json\/wp\/v2\/pages\/390","targetHints":{"allow":["GET"]}}],"collection":[{"href":"https:\/\/bigband-divonne.org\/en\/wp-json\/wp\/v2\/pages"}],"about":[{"href":"https:\/\/bigband-divonne.org\/en\/wp-json\/wp\/v2\/types\/page"}],"author":[{"embeddable":true,"href":"https:\/\/bigband-divonne.org\/en\/wp-json\/wp\/v2\/users\/1"}],"replies":[{"embeddable":true,"href":"https:\/\/bigband-divonne.org\/en\/wp-json\/wp\/v2\/comments?post=390"}],"version-history":[{"count":0,"href":"https:\/\/bigband-divonne.org\/en\/wp-json\/wp\/v2\/pages\/390\/revisions"}],"wp:attachment":[{"href":"https:\/\/bigband-divonne.org\/en\/wp-json\/wp\/v2\/media?parent=390"}],"curies":[{"name":"wp","href":"https:\/\/api.w.org\/{rel}","templated":true}]}}