{"id":1778,"date":"2023-01-24T17:11:54","date_gmt":"2023-01-24T16:11:54","guid":{"rendered":"https:\/\/bigband-divonne.org\/?page_id=1778"},"modified":"2023-09-12T19:47:48","modified_gmt":"2023-09-12T17:47:48","slug":"rock-swing","status":"publish","type":"page","link":"https:\/\/bigband-divonne.org\/en\/rock-swing\/","title":{"rendered":"Rock &#038; Swing"},"content":{"rendered":"<p><section class=\"fw-main-row  ls section_padding_top_0 section_padding_bottom_25 columns_padding_15 columns_margin_top_0 parallax table_section table_section_md\" >\n\t\t<div class=\"container\">\n\t\t<div class=\"row\">\n\t\t\t    \t<h2 class=\"text-center section_header\">\n\t<span class=\"\">\n\t\tROCK &amp; SWING\t<\/span>\n\t<\/h2>\n    \t\t<\/div>\n\t<\/div>\n<\/section>\n<section class=\"fw-main-row  ls section_padding_top_0 section_padding_bottom_50 columns_padding_0 columns_margin_top_0 parallax table_section table_section_md\" >\n\t\t<div class=\"container\">\n\t\t<div class=\"row\">\n\t\t\t\r\n    <div class=\"col-xs-12\" >\r\n        <img loading=\"lazy\" decoding=\"async\" src=\"https:\/\/bigband-divonne.org\/wp-content\/uploads\/2023\/01\/Montage-Alain-Severine-fusion-1200x350.png\" alt=\"Rock &amp; Swing\" width=\"1200\" height=\"350\" \/>    <\/div>\r\n\r\n\r\n\t\t<\/div>\n\t<\/div>\n<\/section>\n<section class=\"fw-main-row  ls section_padding_top_50 section_padding_bottom_50 columns_padding_15\" >\n\t\t<div class=\"container\">\n\t\t<div class=\"row\">\n\t\t\t<p>The Big Band de Divonne (20 musicians) directed by the arranger and composer\u00a0<strong>Alain Goy<\/strong>\u00a0invites the Geneva soul singer\u00a0<strong>S\u00e9verine VAENA<\/strong>\u00a0for an exceptional concert around the great rock hits of the 80's and 90's (Oasis, Soundgarden, Survivor,...) which were originally arranged on Paul Anka's 2005 album Rock Swings, which received a worldwide success from the general public as well as from connoisseurs.<br \/>And not only: the orchestra accompanies S\u00e9verine on a vast and eclectic repertoire that skillfully balances between lightness (Marylin) and intensity (Nina Simone).<br \/><strong>Rock\u2026<\/strong><br \/>Wonderwall, Eye Of The Tiger, Hold On I'm Coming, You Can Leave Your Hat On, New York State Of Mind,\u2026<\/p>\t\t<\/div>\n\t<\/div>\n<\/section>\n<section class=\"fw-main-row  ls section_padding_top_0 section_padding_bottom_0 columns_padding_15\" >\n\t\t<div class=\"container\">\n\t\t<div class=\"row\">\n\t\t\t\r\n    <div class=\"col-xs-12 col-md-8\" >\r\n        <img loading=\"lazy\" decoding=\"async\" src=\"https:\/\/bigband-divonne.org\/wp-content\/uploads\/2023\/01\/Bertrand-500x300.jpg\" alt=\"https:\/\/bigband-divonne.org\/wp-content\/uploads\/2023\/01\/Bertrand-500x300.jpg\" width=\"500\" height=\"300\" \/>    <\/div>\r\n\r\n\r\n\r\n    <div class=\"col-xs-12 col-sm-6 col-md-4\" >\r\n        <img loading=\"lazy\" decoding=\"async\" src=\"https:\/\/bigband-divonne.org\/wp-content\/uploads\/2022\/11\/Drums-300x320.jpg\" alt=\"Dominique Bodart\" width=\"300\" height=\"320\" \/>    <\/div>\r\n\r\n\r\n\r\n    <div class=\"col-xs-12\" >\r\n        <p><strong>and Swing \u2026.<\/strong><br \/>Deedles Blues, Diamonds Are A Girl's Best Friends, Work Song, Everything must change, Me And Mrs Jones, \u2026<\/p>    <\/div>\r\n\r\n\r\n\r\n    <div class=\"col-xs-12 text-center\" >\r\n        <a href=\"https:\/\/www.youtube.com\/watch?v=zCVBhrIoLCs\" target=\"_self\"\n   class=\"theme_button color min_width_button\">\n    \t    <span>View an extract<\/span>\n    <\/a>    <\/div>\r\n\r\n\r\n\t\t<\/div>\n\t<\/div>\n<\/section>\n<section class=\"fw-main-row  ls section_padding_top_15 section_padding_bottom_0 columns_padding_15\" >\n\t\t<div class=\"container\">\n\t\t<div class=\"row\">\n\t\t\t\r\n    <div class=\"col-xs-12 col-md-8\" >\r\n        <img loading=\"lazy\" decoding=\"async\" src=\"https:\/\/bigband-divonne.org\/wp-content\/uploads\/2023\/01\/Alain-de-dos-680x300.jpg\" alt=\"Alain Goy\" width=\"680\" height=\"300\" \/>    <\/div>\r\n\r\n\r\n\r\n    <div class=\"col-xs-12 col-sm-6 col-md-4\" >\r\n        <img loading=\"lazy\" decoding=\"async\" src=\"https:\/\/bigband-divonne.org\/wp-content\/uploads\/2017\/11\/2007-Espl.05-250x300.jpg\" alt=\"Pascal Rossy\" width=\"250\" height=\"300\" \/>    <\/div>\r\n\r\n\r\n\t\t<\/div>\n\t<\/div>\n<\/section>\n<\/p>","protected":false},"excerpt":{"rendered":"<p>ROCK &amp; SWING Le big band de Divonne (20 musiciens) dirig\u00e9 par l\u2019arrangeur et compositeur\u00a0Alain Goy\u00a0invite la chanteuse soul genevoise\u00a0S\u00e9verine VAENA\u00a0pour un concert exceptionnel autour des\u00a0grands hits du rock des ann\u00e9es 80 et 90 \u00a0(Oasis, Soundgarden, Survivor,\u2026) qui furent originellement arrang\u00e9s sur l&rsquo;album Rock Swings de 2005 de Paul Anka qui re\u00e7u alors un succ\u00e8s [&hellip;]<\/p>\n","protected":false},"author":2,"featured_media":0,"parent":0,"menu_order":4,"comment_status":"closed","ping_status":"closed","template":"","meta":{"footnotes":""},"class_list":["post-1778","page","type-page","status-publish","hentry"],"aioseo_notices":[],"_links":{"self":[{"href":"https:\/\/bigband-divonne.org\/en\/wp-json\/wp\/v2\/pages\/1778","targetHints":{"allow":["GET"]}}],"collection":[{"href":"https:\/\/bigband-divonne.org\/en\/wp-json\/wp\/v2\/pages"}],"about":[{"href":"https:\/\/bigband-divonne.org\/en\/wp-json\/wp\/v2\/types\/page"}],"author":[{"embeddable":true,"href":"https:\/\/bigband-divonne.org\/en\/wp-json\/wp\/v2\/users\/2"}],"replies":[{"embeddable":true,"href":"https:\/\/bigband-divonne.org\/en\/wp-json\/wp\/v2\/comments?post=1778"}],"version-history":[{"count":0,"href":"https:\/\/bigband-divonne.org\/en\/wp-json\/wp\/v2\/pages\/1778\/revisions"}],"wp:attachment":[{"href":"https:\/\/bigband-divonne.org\/en\/wp-json\/wp\/v2\/media?parent=1778"}],"curies":[{"name":"wp","href":"https:\/\/api.w.org\/{rel}","templated":true}]}}