{"id":1694,"date":"2023-01-09T21:37:54","date_gmt":"2023-01-09T20:37:54","guid":{"rendered":"https:\/\/bigband-divonne.org\/?page_id=1694"},"modified":"2023-09-12T19:47:48","modified_gmt":"2023-09-12T17:47:48","slug":"partitions","status":"publish","type":"page","link":"https:\/\/bigband-divonne.org\/en\/partitions\/","title":{"rendered":"Our music scores for you"},"content":{"rendered":"<p><section class=\"fw-main-row  ls section_padding_top_0 section_padding_bottom_50 columns_padding_15\" >\n\t\t<div class=\"container\">\n\t\t<div class=\"row\">\n\t\t\t    \t<h3 class=\"text-center section_header\">\n\t<span class=\"\">\n\t\tOur music scores for you\t<\/span>\n\t<\/h3>\n    <p>Free musical scores on request at bigband.divonne@gmail.com<\/p>\t\t<\/div>\n\t<\/div>\n<\/section>\n<section class=\"fw-main-row  ls section_padding_top_50 section_padding_bottom_50 columns_padding_15\" >\n\t\t<div class=\"container\">\n\t\t<div class=\"row\">\n\t\t\t\r\n    <div class=\"col-xs-12 col-sm-6 col-md-4\" >\r\n        <img loading=\"lazy\" decoding=\"async\" src=\"https:\/\/bigband-divonne.org\/wp-content\/uploads\/2022\/11\/2007-Espl.01-scaled-300x200.jpg\" alt=\"https:\/\/bigband-divonne.org\/wp-content\/uploads\/2022\/11\/2007-Espl.01-scaled-300x200.jpg\" width=\"300\" height=\"200\" \/>    \t<h3 class=\"text-left section_header\">\n\t<span class=\"\">\n\t\tHydroLith\t<\/span>\n\t<\/h3>\n    <p>Original composition by Alain Goy<\/p><a href=\"https:\/\/bigband-divonne.org\/wp-content\/uploads\/2023\/02\/HydoLith_Extraits_Site_Parts.pdf\" target=\"_self\"\n   class=\"theme_button color\">\n    \t    <span>View parts (extract)<\/span>\n    <\/a><a href=\"https:\/\/bigband-divonne.org\/wp-content\/uploads\/2023\/02\/HYDROLITH_Extraits_Site_Score.pdf\" target=\"_self\"\n   class=\"theme_button color\">\n    \t    <span>View full score (extract)<\/span>\n    <\/a>    <\/div>\r\n\r\n\r\n\r\n    <div class=\"col-xs-12 col-sm-6 col-md-4\" >\r\n        <img loading=\"lazy\" decoding=\"async\" src=\"https:\/\/bigband-divonne.org\/wp-content\/uploads\/2022\/11\/2007-Espl.01-scaled-300x200.jpg\" alt=\"https:\/\/bigband-divonne.org\/wp-content\/uploads\/2022\/11\/2007-Espl.01-scaled-300x200.jpg\" width=\"300\" height=\"200\" \/>    \t<h3 class=\"text-left section_header\">\n\t<span class=\"\">\n\t\tComing soon\t<\/span>\n\t<\/h3>\n    <p>Coming soon<\/p><a href=\"https:\/\/bigband-divonne.org\/wp-content\/uploads\/2023\/01\/HydrolLith_AlainGoy_Parts.pdf\" target=\"_self\"\n   class=\"theme_button color\">\n    \t    <span>Coming soon<\/span>\n    <\/a><a href=\"https:\/\/bigband-divonne.org\/wp-content\/uploads\/2023\/01\/HydroLithAlaiGoy_FullScore.pdf\" target=\"_self\"\n   class=\"theme_button color\">\n    \t    <span>Coming soon<\/span>\n    <\/a>    <\/div>\r\n\r\n\r\n\r\n    <div class=\"col-xs-12 col-sm-6 col-md-4\" >\r\n        <img loading=\"lazy\" decoding=\"async\" src=\"https:\/\/bigband-divonne.org\/wp-content\/uploads\/2022\/11\/2007-Espl.01-scaled-300x200.jpg\" alt=\"https:\/\/bigband-divonne.org\/wp-content\/uploads\/2022\/11\/2007-Espl.01-scaled-300x200.jpg\" width=\"300\" height=\"200\" \/>    \t<h3 class=\"text-left section_header\">\n\t<span class=\"\">\n\t\tComing soon\t<\/span>\n\t<\/h3>\n    <p>Coming soon<\/p><a href=\"https:\/\/bigband-divonne.org\/wp-content\/uploads\/2023\/01\/HydrolLith_AlainGoy_Parts.pdf\" target=\"_self\"\n   class=\"theme_button color\">\n    \t    <span>Coming soon<\/span>\n    <\/a><a href=\"https:\/\/bigband-divonne.org\/wp-content\/uploads\/2023\/01\/HydroLithAlaiGoy_FullScore.pdf\" target=\"_self\"\n   class=\"theme_button color\">\n    \t    <span>Coming soon<\/span>\n    <\/a>    <\/div>\r\n\r\n\r\n\t\t<\/div>\n\t<\/div>\n<\/section>\n\r\n    <div class=\"col-xs-12\" >\r\n            <\/div>\r\n\r\n\r\n<\/p>","protected":false},"excerpt":{"rendered":"<p>Nos partitions pour vous Partitions gratuites sur demande \u00e0 bigband.divonne@gmail.com HydroLith Composition originale d&rsquo;Alain Goy Visualiser &quot;parts&quot; (extrait) Visualiser &quot;full score&quot; (extrait) Partition \u00e0 venir Partition \u00e0 venir Partition \u00e0 venir Partition \u00e0 venir Partition \u00e0 venir Partition \u00e0 venir Partition \u00e0 venir Partition \u00e0 venir<\/p>","protected":false},"author":2,"featured_media":0,"parent":0,"menu_order":7,"comment_status":"closed","ping_status":"closed","template":"","meta":{"footnotes":""},"class_list":["post-1694","page","type-page","status-publish","hentry"],"aioseo_notices":[],"_links":{"self":[{"href":"https:\/\/bigband-divonne.org\/en\/wp-json\/wp\/v2\/pages\/1694","targetHints":{"allow":["GET"]}}],"collection":[{"href":"https:\/\/bigband-divonne.org\/en\/wp-json\/wp\/v2\/pages"}],"about":[{"href":"https:\/\/bigband-divonne.org\/en\/wp-json\/wp\/v2\/types\/page"}],"author":[{"embeddable":true,"href":"https:\/\/bigband-divonne.org\/en\/wp-json\/wp\/v2\/users\/2"}],"replies":[{"embeddable":true,"href":"https:\/\/bigband-divonne.org\/en\/wp-json\/wp\/v2\/comments?post=1694"}],"version-history":[{"count":0,"href":"https:\/\/bigband-divonne.org\/en\/wp-json\/wp\/v2\/pages\/1694\/revisions"}],"wp:attachment":[{"href":"https:\/\/bigband-divonne.org\/en\/wp-json\/wp\/v2\/media?parent=1694"}],"curies":[{"name":"wp","href":"https:\/\/api.w.org\/{rel}","templated":true}]}}