{"id":1389,"date":"2022-12-05T21:27:01","date_gmt":"2022-12-05T20:27:01","guid":{"rendered":"https:\/\/bigband-divonne.org\/?page_id=1389"},"modified":"2023-09-12T19:47:48","modified_gmt":"2023-09-12T17:47:48","slug":"nos-spectacles-pour-vous","status":"publish","type":"page","link":"https:\/\/bigband-divonne.org\/en\/nos-spectacles-pour-vous\/","title":{"rendered":"Our shows for you"},"content":{"rendered":"<p><section class=\"fw-main-row  ls section_padding_top_0 section_padding_bottom_50 columns_padding_15\" >\n\t\t<div class=\"container\">\n\t\t<div class=\"row\">\n\t\t\t    \t<h3 class=\"text-center section_header\">\n\t<span class=\"\">\n\t\tThemes of our concerts and shows\t<\/span>\n\t<\/h3>\n    <p style=\"text-align: center;\"><a href=\"https:\/\/bigband-divonne.org\/en\/contacts\/\">Do not hesitate to contact us for more information<\/a><\/p>\t\t<\/div>\n\t<\/div>\n<\/section>\n<section class=\"fw-main-row  ls section_padding_top_50 section_padding_bottom_50 columns_padding_15\" >\n\t\t<div class=\"container\">\n\t\t<div class=\"row\">\n\t\t\t\r\n    <div class=\"col-xs-12 col-sm-6 col-md-4\" >\r\n        <img loading=\"lazy\" decoding=\"async\" src=\"https:\/\/bigband-divonne.org\/wp-content\/uploads\/2022\/11\/2007-Espl.01-scaled-300x200.jpg\" alt=\"https:\/\/bigband-divonne.org\/wp-content\/uploads\/2022\/11\/2007-Espl.01-scaled-300x200.jpg\" width=\"300\" height=\"200\" \/>    \t<h3 class=\"text-left section_header\">\n\t<span class=\"\">\n\t\tRock &amp; Swing\t<\/span>\n\t<\/h3>\n    <p style=\"text-align: left;\">The great hits of Rock, Soul and Pop are interpreted in the Jazz idiom<\/p><a href=\"https:\/\/bigband-divonne.org\/en\/rock-swing-2\/\" target=\"_self\"\n   class=\"theme_button color\">\n    \t    <span>More info<\/span>\n    <\/a>    <\/div>\r\n\r\n\r\n\r\n    <div class=\"col-xs-12 col-sm-6 col-md-4\" >\r\n        <img loading=\"lazy\" decoding=\"async\" src=\"https:\/\/bigband-divonne.org\/wp-content\/uploads\/2022\/11\/2007-Espl.01-scaled-300x200.jpg\" alt=\"https:\/\/bigband-divonne.org\/wp-content\/uploads\/2022\/11\/2007-Espl.01-scaled-300x200.jpg\" width=\"300\" height=\"200\" \/>    \t<h3 class=\"text-left section_header\">\n\t<span class=\"\">\n\t\tCrooner Evening\t<\/span>\n\t<\/h3>\n    <p>The great crooners give their credentials to the standards of Jazz<\/p><a href=\"#\" target=\"_self\"\n   class=\"theme_button color\">\n    \t    <span>More details to come<\/span>\n    <\/a>    <\/div>\r\n\r\n\r\n\r\n    <div class=\"col-xs-12 col-sm-6 col-md-4\" >\r\n        <img loading=\"lazy\" decoding=\"async\" src=\"https:\/\/bigband-divonne.org\/wp-content\/uploads\/2022\/11\/2007-Espl.01-scaled-300x200.jpg\" alt=\"https:\/\/bigband-divonne.org\/wp-content\/uploads\/2022\/11\/2007-Espl.01-scaled-300x200.jpg\" width=\"300\" height=\"200\" \/>    \t<h3 class=\"text-left section_header\">\n\t<span class=\"\">\n\t\tJazz and movies\t<\/span>\n\t<\/h3>\n    <p>The most beautiful melodies paint their pictures<\/p><a href=\"#\" target=\"_self\"\n   class=\"theme_button color\">\n    \t    <span>More details to come<\/span>\n    <\/a>    <\/div>\r\n\r\n\r\n\t\t<\/div>\n\t<\/div>\n<\/section>\n<section class=\"fw-main-row  ls section_padding_top_50 section_padding_bottom_50 columns_padding_15\" >\n\t\t<div class=\"container\">\n\t\t<div class=\"row\">\n\t\t\t\r\n    <div class=\"col-xs-12 col-sm-6 col-md-4\" >\r\n        <img loading=\"lazy\" decoding=\"async\" src=\"https:\/\/bigband-divonne.org\/wp-content\/uploads\/2022\/11\/2007-Espl.01-scaled-300x200.jpg\" alt=\"https:\/\/bigband-divonne.org\/wp-content\/uploads\/2022\/11\/2007-Espl.01-scaled-300x200.jpg\" width=\"300\" height=\"200\" \/>    \t<h3 class=\"text-left section_header\">\n\t<span class=\"\">\n\t\tCotton Club\t<\/span>\n\t<\/h3>\n    <p>The ambience of the famous Harlem clubs<\/p><a href=\"#\" target=\"_self\"\n   class=\"theme_button color\">\n    \t    <span>More details to come<\/span>\n    <\/a>    <\/div>\r\n\r\n\r\n\r\n    <div class=\"col-xs-12 col-sm-6 col-md-4\" >\r\n        <img loading=\"lazy\" decoding=\"async\" src=\"https:\/\/bigband-divonne.org\/wp-content\/uploads\/2022\/11\/2007-Espl.01-scaled-300x200.jpg\" alt=\"https:\/\/bigband-divonne.org\/wp-content\/uploads\/2022\/11\/2007-Espl.01-scaled-300x200.jpg\" width=\"300\" height=\"200\" \/>    \t<h3 class=\"text-left section_header\">\n\t<span class=\"\">\n\t\tA tribute to the great orchestras\t<\/span>\n\t<\/h3>\n    <p>Basie, Ellington, Glenn Miller...<\/p><a href=\"#\" target=\"_self\"\n   class=\"theme_button color\">\n    \t    <span>More details to come<\/span>\n    <\/a>    <\/div>\r\n\r\n\r\n\r\n    <div class=\"col-xs-12 col-sm-6 col-md-4\" >\r\n        <img loading=\"lazy\" decoding=\"async\" src=\"https:\/\/bigband-divonne.org\/wp-content\/uploads\/2022\/11\/2007-Espl.01-scaled-300x200.jpg\" alt=\"https:\/\/bigband-divonne.org\/wp-content\/uploads\/2022\/11\/2007-Espl.01-scaled-300x200.jpg\" width=\"300\" height=\"200\" \/>    \t<h3 class=\"text-left section_header\">\n\t<span class=\"\">\n\t\tHorny Strings\t<\/span>\n\t<\/h3>\n    <p>The energy of the Big Band and the emotion of the strings<br \/> <\/p><a href=\"#\" target=\"_self\"\n   class=\"theme_button color\">\n    \t    <span>More details to come<\/span>\n    <\/a>    <\/div>\r\n\r\n\r\n\t\t<\/div>\n\t<\/div>\n<\/section>\n<section class=\"fw-main-row  ls section_padding_top_50 section_padding_bottom_50 columns_padding_15\" >\n\t\t<div class=\"container\">\n\t\t<div class=\"row\">\n\t\t\t\r\n    <div class=\"col-xs-12 col-sm-6 col-md-4\" >\r\n        <img loading=\"lazy\" decoding=\"async\" src=\"https:\/\/bigband-divonne.org\/wp-content\/uploads\/2022\/11\/2007-Espl.01-scaled-300x200.jpg\" alt=\"https:\/\/bigband-divonne.org\/wp-content\/uploads\/2022\/11\/2007-Espl.01-scaled-300x200.jpg\" width=\"300\" height=\"200\" \/>    \t<h3 class=\"text-left section_header\">\n\t<span class=\"\">\n\t\tJazz and French popular song\t<\/span>\n\t<\/h3>\n    <p>Piaf, B\u00e9caud, Aznavour...<\/p><a href=\"#\" target=\"_self\"\n   class=\"theme_button color\">\n    \t    <span>More details to come<\/span>\n    <\/a>    <\/div>\r\n\r\n\r\n\r\n    <div class=\"col-xs-12 col-sm-6 col-md-4\" >\r\n        <img loading=\"lazy\" decoding=\"async\" src=\"https:\/\/bigband-divonne.org\/wp-content\/uploads\/2022\/11\/2007-Espl.01-scaled-300x200.jpg\" alt=\"https:\/\/bigband-divonne.org\/wp-content\/uploads\/2022\/11\/2007-Espl.01-scaled-300x200.jpg\" width=\"300\" height=\"200\" \/>    \t<h3 class=\"text-left section_header\">\n\t<span class=\"\">\n\t\tThe Big Band Sextet\t<\/span>\n\t<\/h3>\n    <p>Bebop revisited<\/p><a href=\"#\" target=\"_self\"\n   class=\"theme_button color\">\n    \t    <span>More details to come<\/span>\n    <\/a>    <\/div>\r\n\r\n\r\n\r\n    <div class=\"col-xs-12 col-sm-6 col-md-4\" >\r\n        <img loading=\"lazy\" decoding=\"async\" src=\"https:\/\/bigband-divonne.org\/wp-content\/uploads\/2022\/11\/2007-Espl.01-scaled-300x200.jpg\" alt=\"https:\/\/bigband-divonne.org\/wp-content\/uploads\/2022\/11\/2007-Espl.01-scaled-300x200.jpg\" width=\"300\" height=\"200\" \/>    \t<h3 class=\"text-left section_header\">\n\t<span class=\"\">\n\t\tThe Big Band and vocal groups\t<\/span>\n\t<\/h3>\n    <p>Manhattan Transfer, Jon Hendricks... You know them?<\/p><a href=\"#\" target=\"_self\"\n   class=\"theme_button color\">\n    \t    <span>More details to come<\/span>\n    <\/a>    <\/div>\r\n\r\n\r\n\t\t<\/div>\n\t<\/div>\n<\/section>\n<section class=\"fw-main-row  ls section_padding_top_50 section_padding_bottom_50 columns_padding_15\" >\n\t\t<div class=\"container\">\n\t\t<div class=\"row\">\n\t\t\t\r\n    <div class=\"col-xs-12 col-sm-6 col-md-4\" >\r\n        <img loading=\"lazy\" decoding=\"async\" src=\"https:\/\/bigband-divonne.org\/wp-content\/uploads\/2022\/11\/2007-Espl.01-scaled-300x200.jpg\" alt=\"https:\/\/bigband-divonne.org\/wp-content\/uploads\/2022\/11\/2007-Espl.01-scaled-300x200.jpg\" width=\"300\" height=\"200\" \/>    \t<h3 class=\"text-left section_header\">\n\t<span class=\"\">\n\t\tThe history of jazz\t<\/span>\n\t<\/h3>\n    <p>A century of jazz told and interpreted for the young and not so young. An educational show for schools.<\/p><a href=\"#\" target=\"_self\"\n   class=\"theme_button color\">\n    \t    <span>More details to come<\/span>\n    <\/a>    <\/div>\r\n\r\n\r\n\t\t<\/div>\n\t<\/div>\n<\/section>\n\r\n    <div class=\"col-xs-12\" >\r\n            <\/div>\r\n\r\n\r\n<\/p>","protected":false},"excerpt":{"rendered":"<p>Th\u00e8mes de nos concerts et spectacles N&rsquo;h\u00e9sitez pas \u00e0 nous contacter pour plus d&rsquo;informations Rock &amp; Swing Les grands succ\u00e8s du Rock, Soul et Pop s&rsquo;invitent dans le Jazz Plus d&#039;infos Crooner Evening Les grands crooners ont donn\u00e9 leurs lettres de noblesse aux standards du Jazz Plus d&#039;infos \u00e0 venir Le Jazz et le cin\u00e9ma [&hellip;]<\/p>\n","protected":false},"author":2,"featured_media":0,"parent":0,"menu_order":6,"comment_status":"closed","ping_status":"closed","template":"","meta":{"footnotes":""},"class_list":["post-1389","page","type-page","status-publish","hentry"],"aioseo_notices":[],"_links":{"self":[{"href":"https:\/\/bigband-divonne.org\/en\/wp-json\/wp\/v2\/pages\/1389","targetHints":{"allow":["GET"]}}],"collection":[{"href":"https:\/\/bigband-divonne.org\/en\/wp-json\/wp\/v2\/pages"}],"about":[{"href":"https:\/\/bigband-divonne.org\/en\/wp-json\/wp\/v2\/types\/page"}],"author":[{"embeddable":true,"href":"https:\/\/bigband-divonne.org\/en\/wp-json\/wp\/v2\/users\/2"}],"replies":[{"embeddable":true,"href":"https:\/\/bigband-divonne.org\/en\/wp-json\/wp\/v2\/comments?post=1389"}],"version-history":[{"count":0,"href":"https:\/\/bigband-divonne.org\/en\/wp-json\/wp\/v2\/pages\/1389\/revisions"}],"wp:attachment":[{"href":"https:\/\/bigband-divonne.org\/en\/wp-json\/wp\/v2\/media?parent=1389"}],"curies":[{"name":"wp","href":"https:\/\/api.w.org\/{rel}","templated":true}]}}